{"id":16,"date":"2021-12-21T22:59:54","date_gmt":"2021-12-21T22:59:54","guid":{"rendered":"http:\/\/localhost\/?page_id=16"},"modified":"2022-01-10T10:40:18","modified_gmt":"2022-01-10T13:40:18","slug":"consultoria-e-planejamento-estrategico","status":"publish","type":"page","link":"https:\/\/joribes.com.br\/en\/servicos\/consultoria-e-planejamento-estrategico\/","title":{"rendered":"consultancy and strategic planning"},"content":{"rendered":"<p>We understand the world that our client is diving into and and we help them according to their needs and objectives. We bring contemporary and tailored solutions that consistently exceed performance expectations of our clients. We are everything the company needs. We understand challenges and opportunities and respond to the market with powerful relationships, quality content, moving creatives, influencer marketing and media relations.<\/p>","protected":false},"excerpt":{"rendered":"<p>Entendemos o mundo no qual o cliente est\u00e1 inserido e damos respostas \u00e0s necessidades e objetivos dele. Trazemos solu\u00e7\u00f5es contempor\u00e2neas e sob medida que ter\u00e3o sinergia com a performance desejada e resultados s\u00f3lidos. Somos tudo o que a empresa precisa. Entendemos desafios e oportunidades e respondemos ao mercado com relacionamento, conte\u00fado de qualidade, imagens, marketing [&hellip;]<\/p>","protected":false},"author":1,"featured_media":67,"parent":10,"menu_order":0,"comment_status":"closed","ping_status":"closed","template":"templates\/servicos.php","meta":{"_acf_changed":false,"inline_featured_image":false,"footnotes":""},"class_list":["post-16","page","type-page","status-publish","has-post-thumbnail","hentry"],"acf":[],"yoast_head":"<!-- This site is optimized with the Yoast SEO plugin v27.2 - https:\/\/yoast.com\/product\/yoast-seo-wordpress\/ -->\n<title>consultoria e planejamento estrat\u00e9gico - Jo Ribes<\/title>\n<meta name=\"robots\" content=\"index, follow, max-snippet:-1, max-image-preview:large, max-video-preview:-1\" \/>\n<link rel=\"canonical\" href=\"https:\/\/joribes.com.br\/en\/servicos\/consultoria-e-planejamento-estrategico\/\" \/>\n<meta property=\"og:locale\" content=\"en_US\" \/>\n<meta property=\"og:type\" content=\"article\" \/>\n<meta property=\"og:title\" content=\"consultoria e planejamento estrat\u00e9gico - Jo Ribes\" \/>\n<meta property=\"og:description\" content=\"Entendemos o mundo no qual o cliente est\u00e1 inserido e damos respostas \u00e0s necessidades e objetivos dele. Trazemos solu\u00e7\u00f5es contempor\u00e2neas e sob medida que ter\u00e3o sinergia com a performance desejada e resultados s\u00f3lidos. Somos tudo o que a empresa precisa. Entendemos desafios e oportunidades e respondemos ao mercado com relacionamento, conte\u00fado de qualidade, imagens, marketing [&hellip;]\" \/>\n<meta property=\"og:url\" content=\"https:\/\/joribes.com.br\/en\/servicos\/consultoria-e-planejamento-estrategico\/\" \/>\n<meta property=\"og:site_name\" content=\"Jo Ribes\" \/>\n<meta property=\"article:modified_time\" content=\"2022-01-10T13:40:18+00:00\" \/>\n<meta property=\"og:image\" content=\"https:\/\/joribes.com.br\/wp-content\/uploads\/2021\/12\/servicos-consultoria-planejamento-estrategico.png\" \/>\n\t<meta property=\"og:image:width\" content=\"797\" \/>\n\t<meta property=\"og:image:height\" content=\"530\" \/>\n\t<meta property=\"og:image:type\" content=\"image\/png\" \/>\n<meta name=\"twitter:card\" content=\"summary_large_image\" \/>\n<script type=\"application\/ld+json\" class=\"yoast-schema-graph\">{\"@context\":\"https:\/\/schema.org\",\"@graph\":[{\"@type\":\"WebPage\",\"@id\":\"https:\/\/joribes.com.br\/pt\/servicos\/consultoria-e-planejamento-estrategico\/\",\"url\":\"https:\/\/joribes.com.br\/pt\/servicos\/consultoria-e-planejamento-estrategico\/\",\"name\":\"consultoria e planejamento estrat\u00e9gico - Jo Ribes\",\"isPartOf\":{\"@id\":\"https:\/\/joribes.com.br\/pt\/#website\"},\"primaryImageOfPage\":{\"@id\":\"https:\/\/joribes.com.br\/pt\/servicos\/consultoria-e-planejamento-estrategico\/#primaryimage\"},\"image\":{\"@id\":\"https:\/\/joribes.com.br\/pt\/servicos\/consultoria-e-planejamento-estrategico\/#primaryimage\"},\"thumbnailUrl\":\"https:\/\/joribes.com.br\/wp-content\/uploads\/2021\/12\/servicos-consultoria-planejamento-estrategico.png\",\"datePublished\":\"2021-12-21T22:59:54+00:00\",\"dateModified\":\"2022-01-10T13:40:18+00:00\",\"breadcrumb\":{\"@id\":\"https:\/\/joribes.com.br\/pt\/servicos\/consultoria-e-planejamento-estrategico\/#breadcrumb\"},\"inLanguage\":\"en-US\",\"potentialAction\":[{\"@type\":\"ReadAction\",\"target\":[\"https:\/\/joribes.com.br\/pt\/servicos\/consultoria-e-planejamento-estrategico\/\"]}]},{\"@type\":\"ImageObject\",\"inLanguage\":\"en-US\",\"@id\":\"https:\/\/joribes.com.br\/pt\/servicos\/consultoria-e-planejamento-estrategico\/#primaryimage\",\"url\":\"https:\/\/joribes.com.br\/wp-content\/uploads\/2021\/12\/servicos-consultoria-planejamento-estrategico.png\",\"contentUrl\":\"https:\/\/joribes.com.br\/wp-content\/uploads\/2021\/12\/servicos-consultoria-planejamento-estrategico.png\",\"width\":797,\"height\":530},{\"@type\":\"BreadcrumbList\",\"@id\":\"https:\/\/joribes.com.br\/pt\/servicos\/consultoria-e-planejamento-estrategico\/#breadcrumb\",\"itemListElement\":[{\"@type\":\"ListItem\",\"position\":1,\"name\":\"Home\",\"item\":\"https:\/\/joribes.com.br\/pt\/\"},{\"@type\":\"ListItem\",\"position\":2,\"name\":\"Servi\u00e7os\",\"item\":\"https:\/\/joribes.com.br\/pt\/servicos\/\"},{\"@type\":\"ListItem\",\"position\":3,\"name\":\"consultoria e planejamento estrat\u00e9gico\"}]},{\"@type\":\"WebSite\",\"@id\":\"https:\/\/joribes.com.br\/pt\/#website\",\"url\":\"https:\/\/joribes.com.br\/pt\/\",\"name\":\"Jo Ribes\",\"description\":\"Ag\u00eancia Boutique\",\"potentialAction\":[{\"@type\":\"SearchAction\",\"target\":{\"@type\":\"EntryPoint\",\"urlTemplate\":\"https:\/\/joribes.com.br\/pt\/?s={search_term_string}\"},\"query-input\":{\"@type\":\"PropertyValueSpecification\",\"valueRequired\":true,\"valueName\":\"search_term_string\"}}],\"inLanguage\":\"en-US\"}]}<\/script>\n<!-- \/ Yoast SEO plugin. -->","yoast_head_json":{"title":"consultoria e planejamento estrat\u00e9gico - Jo Ribes","robots":{"index":"index","follow":"follow","max-snippet":"max-snippet:-1","max-image-preview":"max-image-preview:large","max-video-preview":"max-video-preview:-1"},"canonical":"https:\/\/joribes.com.br\/en\/servicos\/consultoria-e-planejamento-estrategico\/","og_locale":"en_US","og_type":"article","og_title":"consultoria e planejamento estrat\u00e9gico - Jo Ribes","og_description":"Entendemos o mundo no qual o cliente est\u00e1 inserido e damos respostas \u00e0s necessidades e objetivos dele. Trazemos solu\u00e7\u00f5es contempor\u00e2neas e sob medida que ter\u00e3o sinergia com a performance desejada e resultados s\u00f3lidos. Somos tudo o que a empresa precisa. Entendemos desafios e oportunidades e respondemos ao mercado com relacionamento, conte\u00fado de qualidade, imagens, marketing [&hellip;]","og_url":"https:\/\/joribes.com.br\/en\/servicos\/consultoria-e-planejamento-estrategico\/","og_site_name":"Jo Ribes","article_modified_time":"2022-01-10T13:40:18+00:00","og_image":[{"width":797,"height":530,"url":"https:\/\/joribes.com.br\/wp-content\/uploads\/2021\/12\/servicos-consultoria-planejamento-estrategico.png","type":"image\/png"}],"twitter_card":"summary_large_image","schema":{"@context":"https:\/\/schema.org","@graph":[{"@type":"WebPage","@id":"https:\/\/joribes.com.br\/pt\/servicos\/consultoria-e-planejamento-estrategico\/","url":"https:\/\/joribes.com.br\/pt\/servicos\/consultoria-e-planejamento-estrategico\/","name":"consultoria e planejamento estrat\u00e9gico - Jo Ribes","isPartOf":{"@id":"https:\/\/joribes.com.br\/pt\/#website"},"primaryImageOfPage":{"@id":"https:\/\/joribes.com.br\/pt\/servicos\/consultoria-e-planejamento-estrategico\/#primaryimage"},"image":{"@id":"https:\/\/joribes.com.br\/pt\/servicos\/consultoria-e-planejamento-estrategico\/#primaryimage"},"thumbnailUrl":"https:\/\/joribes.com.br\/wp-content\/uploads\/2021\/12\/servicos-consultoria-planejamento-estrategico.png","datePublished":"2021-12-21T22:59:54+00:00","dateModified":"2022-01-10T13:40:18+00:00","breadcrumb":{"@id":"https:\/\/joribes.com.br\/pt\/servicos\/consultoria-e-planejamento-estrategico\/#breadcrumb"},"inLanguage":"en-US","potentialAction":[{"@type":"ReadAction","target":["https:\/\/joribes.com.br\/pt\/servicos\/consultoria-e-planejamento-estrategico\/"]}]},{"@type":"ImageObject","inLanguage":"en-US","@id":"https:\/\/joribes.com.br\/pt\/servicos\/consultoria-e-planejamento-estrategico\/#primaryimage","url":"https:\/\/joribes.com.br\/wp-content\/uploads\/2021\/12\/servicos-consultoria-planejamento-estrategico.png","contentUrl":"https:\/\/joribes.com.br\/wp-content\/uploads\/2021\/12\/servicos-consultoria-planejamento-estrategico.png","width":797,"height":530},{"@type":"BreadcrumbList","@id":"https:\/\/joribes.com.br\/pt\/servicos\/consultoria-e-planejamento-estrategico\/#breadcrumb","itemListElement":[{"@type":"ListItem","position":1,"name":"Home","item":"https:\/\/joribes.com.br\/pt\/"},{"@type":"ListItem","position":2,"name":"Servi\u00e7os","item":"https:\/\/joribes.com.br\/pt\/servicos\/"},{"@type":"ListItem","position":3,"name":"consultoria e planejamento estrat\u00e9gico"}]},{"@type":"WebSite","@id":"https:\/\/joribes.com.br\/pt\/#website","url":"https:\/\/joribes.com.br\/pt\/","name":"Jo Ribes","description":"Ag\u00eancia Boutique","potentialAction":[{"@type":"SearchAction","target":{"@type":"EntryPoint","urlTemplate":"https:\/\/joribes.com.br\/pt\/?s={search_term_string}"},"query-input":{"@type":"PropertyValueSpecification","valueRequired":true,"valueName":"search_term_string"}}],"inLanguage":"en-US"}]}},"_links":{"self":[{"href":"https:\/\/joribes.com.br\/en\/wp-json\/wp\/v2\/pages\/16","targetHints":{"allow":["GET"]}}],"collection":[{"href":"https:\/\/joribes.com.br\/en\/wp-json\/wp\/v2\/pages"}],"about":[{"href":"https:\/\/joribes.com.br\/en\/wp-json\/wp\/v2\/types\/page"}],"author":[{"embeddable":true,"href":"https:\/\/joribes.com.br\/en\/wp-json\/wp\/v2\/users\/1"}],"replies":[{"embeddable":true,"href":"https:\/\/joribes.com.br\/en\/wp-json\/wp\/v2\/comments?post=16"}],"version-history":[{"count":2,"href":"https:\/\/joribes.com.br\/en\/wp-json\/wp\/v2\/pages\/16\/revisions"}],"predecessor-version":[{"id":145,"href":"https:\/\/joribes.com.br\/en\/wp-json\/wp\/v2\/pages\/16\/revisions\/145"}],"up":[{"embeddable":true,"href":"https:\/\/joribes.com.br\/en\/wp-json\/wp\/v2\/pages\/10"}],"wp:featuredmedia":[{"embeddable":true,"href":"https:\/\/joribes.com.br\/en\/wp-json\/wp\/v2\/media\/67"}],"wp:attachment":[{"href":"https:\/\/joribes.com.br\/en\/wp-json\/wp\/v2\/media?parent=16"}],"curies":[{"name":"wp","href":"https:\/\/api.w.org\/{rel}","templated":true}]}}