{"id":8,"date":"2021-12-21T22:58:06","date_gmt":"2021-12-21T22:58:06","guid":{"rendered":"http:\/\/localhost\/?page_id=8"},"modified":"2021-12-28T13:23:13","modified_gmt":"2021-12-28T16:23:13","slug":"sobre","status":"publish","type":"page","link":"https:\/\/joribes.com.br\/en\/sobre\/","title":{"rendered":"About"},"content":{"rendered":"<p>JRC is a boutique agency. This means that the relationship with the client, and the zeal for their brand is stock full, day to day, with transparency and focus. Each client\u2019s history is treated differently, as each brand is unique. The closeness we have with the companies we work with allow for minute attention to detail when forming our strategies. The entire process produces innovative projects and accomplished goals.<\/p>\n\n\n\n<p>Our purpose lies within our guidelines, in each of our actions, in the physical world and in the digital, for more than two decades. Precise information and creative content of high quality is in the DNA of our agency, and reflects in the work we produce in each sector of our company. We love telling stories.<\/p>\n\n\n\n<p>Communication is an art form. Each word and each image have its own power, beauty, and significance. We are a company dedicated to using communication to Build our Values, impact others and always committed to Ethics, Transparency, Professionalism and Proactivity.<\/p>\n\n\n\n<p>Welcome to J\u00f4 Ribes Comunica\u00e7\u00e3o.<\/p>\n\n\n\n<p><\/p>\n\n\n\n<figure class=\"wp-block-image size-full\"><img loading=\"lazy\" decoding=\"async\" width=\"668\" height=\"464\" src=\"http:\/\/localhost:8888\/joribes\/website\/wp-content\/uploads\/2021\/12\/imagem-quem-somos-trofeu.png\" alt=\"\" class=\"wp-image-124\" srcset=\"https:\/\/joribes.com.br\/wp-content\/uploads\/2021\/12\/imagem-quem-somos-trofeu.png 668w, https:\/\/joribes.com.br\/wp-content\/uploads\/2021\/12\/imagem-quem-somos-trofeu-300x208.png 300w, https:\/\/joribes.com.br\/wp-content\/uploads\/2021\/12\/imagem-quem-somos-trofeu-324x225.png 324w\" sizes=\"auto, (max-width: 668px) 100vw, 668px\" \/><\/figure>","protected":false},"excerpt":{"rendered":"<p>A JRC \u00e9 uma ag\u00eancia butique. Isso quer dizer que o relacionamento com o cliente, e o zelo pela marca s\u00e3o abastecidos, dia a dia, com transpar\u00eancia e foco. Cada hist\u00f3ria \u00e9 tratada de forma diferente e \u00fanica. A proximidade permite que as necessidades sejam detectadas, e as estrat\u00e9gias minuciosamente desenvolvidas. Todo o processo se [&hellip;]<\/p>","protected":false},"author":1,"featured_media":0,"parent":0,"menu_order":0,"comment_status":"closed","ping_status":"closed","template":"templates\/quem-somos.php","meta":{"_acf_changed":false,"inline_featured_image":false,"footnotes":""},"class_list":["post-8","page","type-page","status-publish","hentry"],"acf":[],"yoast_head":"<!-- This site is optimized with the Yoast SEO plugin v27.2 - https:\/\/yoast.com\/product\/yoast-seo-wordpress\/ -->\n<title>Sobre - Jo Ribes<\/title>\n<meta name=\"robots\" content=\"index, follow, max-snippet:-1, max-image-preview:large, max-video-preview:-1\" \/>\n<link rel=\"canonical\" href=\"https:\/\/joribes.com.br\/en\/sobre\/\" \/>\n<meta property=\"og:locale\" content=\"en_US\" \/>\n<meta property=\"og:type\" content=\"article\" \/>\n<meta property=\"og:title\" content=\"Sobre - Jo Ribes\" \/>\n<meta property=\"og:description\" content=\"A JRC \u00e9 uma ag\u00eancia butique. Isso quer dizer que o relacionamento com o cliente, e o zelo pela marca s\u00e3o abastecidos, dia a dia, com transpar\u00eancia e foco. Cada hist\u00f3ria \u00e9 tratada de forma diferente e \u00fanica. A proximidade permite que as necessidades sejam detectadas, e as estrat\u00e9gias minuciosamente desenvolvidas. Todo o processo se [&hellip;]\" \/>\n<meta property=\"og:url\" content=\"https:\/\/joribes.com.br\/en\/sobre\/\" \/>\n<meta property=\"og:site_name\" content=\"Jo Ribes\" \/>\n<meta property=\"article:modified_time\" content=\"2021-12-28T16:23:13+00:00\" \/>\n<meta property=\"og:image\" content=\"http:\/\/localhost:8888\/joribes\/website\/wp-content\/uploads\/2021\/12\/imagem-quem-somos-trofeu.png\" \/>\n<meta name=\"twitter:card\" content=\"summary_large_image\" \/>\n<meta name=\"twitter:label1\" content=\"Est. reading time\" \/>\n\t<meta name=\"twitter:data1\" content=\"1 minute\" \/>\n<script type=\"application\/ld+json\" class=\"yoast-schema-graph\">{\"@context\":\"https:\/\/schema.org\",\"@graph\":[{\"@type\":\"WebPage\",\"@id\":\"https:\/\/joribes.com.br\/pt\/sobre\/\",\"url\":\"https:\/\/joribes.com.br\/pt\/sobre\/\",\"name\":\"Sobre - Jo Ribes\",\"isPartOf\":{\"@id\":\"https:\/\/joribes.com.br\/pt\/#website\"},\"primaryImageOfPage\":{\"@id\":\"https:\/\/joribes.com.br\/pt\/sobre\/#primaryimage\"},\"image\":{\"@id\":\"https:\/\/joribes.com.br\/pt\/sobre\/#primaryimage\"},\"thumbnailUrl\":\"http:\/\/localhost:8888\/joribes\/website\/wp-content\/uploads\/2021\/12\/imagem-quem-somos-trofeu.png\",\"datePublished\":\"2021-12-21T22:58:06+00:00\",\"dateModified\":\"2021-12-28T16:23:13+00:00\",\"breadcrumb\":{\"@id\":\"https:\/\/joribes.com.br\/pt\/sobre\/#breadcrumb\"},\"inLanguage\":\"en-US\",\"potentialAction\":[{\"@type\":\"ReadAction\",\"target\":[\"https:\/\/joribes.com.br\/pt\/sobre\/\"]}]},{\"@type\":\"ImageObject\",\"inLanguage\":\"en-US\",\"@id\":\"https:\/\/joribes.com.br\/pt\/sobre\/#primaryimage\",\"url\":\"http:\/\/localhost:8888\/joribes\/website\/wp-content\/uploads\/2021\/12\/imagem-quem-somos-trofeu.png\",\"contentUrl\":\"http:\/\/localhost:8888\/joribes\/website\/wp-content\/uploads\/2021\/12\/imagem-quem-somos-trofeu.png\"},{\"@type\":\"BreadcrumbList\",\"@id\":\"https:\/\/joribes.com.br\/pt\/sobre\/#breadcrumb\",\"itemListElement\":[{\"@type\":\"ListItem\",\"position\":1,\"name\":\"Home\",\"item\":\"https:\/\/joribes.com.br\/pt\/\"},{\"@type\":\"ListItem\",\"position\":2,\"name\":\"Sobre\"}]},{\"@type\":\"WebSite\",\"@id\":\"https:\/\/joribes.com.br\/pt\/#website\",\"url\":\"https:\/\/joribes.com.br\/pt\/\",\"name\":\"Jo Ribes\",\"description\":\"Ag\u00eancia Boutique\",\"potentialAction\":[{\"@type\":\"SearchAction\",\"target\":{\"@type\":\"EntryPoint\",\"urlTemplate\":\"https:\/\/joribes.com.br\/pt\/?s={search_term_string}\"},\"query-input\":{\"@type\":\"PropertyValueSpecification\",\"valueRequired\":true,\"valueName\":\"search_term_string\"}}],\"inLanguage\":\"en-US\"}]}<\/script>\n<!-- \/ Yoast SEO plugin. -->","yoast_head_json":{"title":"Sobre - Jo Ribes","robots":{"index":"index","follow":"follow","max-snippet":"max-snippet:-1","max-image-preview":"max-image-preview:large","max-video-preview":"max-video-preview:-1"},"canonical":"https:\/\/joribes.com.br\/en\/sobre\/","og_locale":"en_US","og_type":"article","og_title":"Sobre - Jo Ribes","og_description":"A JRC \u00e9 uma ag\u00eancia butique. Isso quer dizer que o relacionamento com o cliente, e o zelo pela marca s\u00e3o abastecidos, dia a dia, com transpar\u00eancia e foco. Cada hist\u00f3ria \u00e9 tratada de forma diferente e \u00fanica. A proximidade permite que as necessidades sejam detectadas, e as estrat\u00e9gias minuciosamente desenvolvidas. Todo o processo se [&hellip;]","og_url":"https:\/\/joribes.com.br\/en\/sobre\/","og_site_name":"Jo Ribes","article_modified_time":"2021-12-28T16:23:13+00:00","og_image":[{"url":"http:\/\/localhost:8888\/joribes\/website\/wp-content\/uploads\/2021\/12\/imagem-quem-somos-trofeu.png","type":"","width":"","height":""}],"twitter_card":"summary_large_image","twitter_misc":{"Est. reading time":"1 minute"},"schema":{"@context":"https:\/\/schema.org","@graph":[{"@type":"WebPage","@id":"https:\/\/joribes.com.br\/pt\/sobre\/","url":"https:\/\/joribes.com.br\/pt\/sobre\/","name":"Sobre - Jo Ribes","isPartOf":{"@id":"https:\/\/joribes.com.br\/pt\/#website"},"primaryImageOfPage":{"@id":"https:\/\/joribes.com.br\/pt\/sobre\/#primaryimage"},"image":{"@id":"https:\/\/joribes.com.br\/pt\/sobre\/#primaryimage"},"thumbnailUrl":"http:\/\/localhost:8888\/joribes\/website\/wp-content\/uploads\/2021\/12\/imagem-quem-somos-trofeu.png","datePublished":"2021-12-21T22:58:06+00:00","dateModified":"2021-12-28T16:23:13+00:00","breadcrumb":{"@id":"https:\/\/joribes.com.br\/pt\/sobre\/#breadcrumb"},"inLanguage":"en-US","potentialAction":[{"@type":"ReadAction","target":["https:\/\/joribes.com.br\/pt\/sobre\/"]}]},{"@type":"ImageObject","inLanguage":"en-US","@id":"https:\/\/joribes.com.br\/pt\/sobre\/#primaryimage","url":"http:\/\/localhost:8888\/joribes\/website\/wp-content\/uploads\/2021\/12\/imagem-quem-somos-trofeu.png","contentUrl":"http:\/\/localhost:8888\/joribes\/website\/wp-content\/uploads\/2021\/12\/imagem-quem-somos-trofeu.png"},{"@type":"BreadcrumbList","@id":"https:\/\/joribes.com.br\/pt\/sobre\/#breadcrumb","itemListElement":[{"@type":"ListItem","position":1,"name":"Home","item":"https:\/\/joribes.com.br\/pt\/"},{"@type":"ListItem","position":2,"name":"Sobre"}]},{"@type":"WebSite","@id":"https:\/\/joribes.com.br\/pt\/#website","url":"https:\/\/joribes.com.br\/pt\/","name":"Jo Ribes","description":"Ag\u00eancia Boutique","potentialAction":[{"@type":"SearchAction","target":{"@type":"EntryPoint","urlTemplate":"https:\/\/joribes.com.br\/pt\/?s={search_term_string}"},"query-input":{"@type":"PropertyValueSpecification","valueRequired":true,"valueName":"search_term_string"}}],"inLanguage":"en-US"}]}},"_links":{"self":[{"href":"https:\/\/joribes.com.br\/en\/wp-json\/wp\/v2\/pages\/8","targetHints":{"allow":["GET"]}}],"collection":[{"href":"https:\/\/joribes.com.br\/en\/wp-json\/wp\/v2\/pages"}],"about":[{"href":"https:\/\/joribes.com.br\/en\/wp-json\/wp\/v2\/types\/page"}],"author":[{"embeddable":true,"href":"https:\/\/joribes.com.br\/en\/wp-json\/wp\/v2\/users\/1"}],"replies":[{"embeddable":true,"href":"https:\/\/joribes.com.br\/en\/wp-json\/wp\/v2\/comments?post=8"}],"version-history":[{"count":2,"href":"https:\/\/joribes.com.br\/en\/wp-json\/wp\/v2\/pages\/8\/revisions"}],"predecessor-version":[{"id":125,"href":"https:\/\/joribes.com.br\/en\/wp-json\/wp\/v2\/pages\/8\/revisions\/125"}],"wp:attachment":[{"href":"https:\/\/joribes.com.br\/en\/wp-json\/wp\/v2\/media?parent=8"}],"curies":[{"name":"wp","href":"https:\/\/api.w.org\/{rel}","templated":true}]}}