{"id":68,"date":"2021-12-27T21:03:22","date_gmt":"2021-12-28T00:03:22","guid":{"rendered":"http:\/\/localhost:8888\/joribes\/website\/?page_id=68"},"modified":"2022-01-13T18:58:37","modified_gmt":"2022-01-13T21:58:37","slug":"comunicacao-corporativa-e-empresarial","status":"publish","type":"page","link":"https:\/\/joribes.com.br\/es\/servicos\/comunicacao-corporativa-e-empresarial\/","title":{"rendered":"comunicaci\u00f3n corporativa y empresarial"},"content":{"rendered":"<p>Lo que sucede internamente se va a volver noticia. Es preciso analizar de qu\u00e9 forma y para qui\u00e9n ser\u00e1n divulgadas las informaciones de la empresa. La comunicaci\u00f3n es desarrollada tanto dentro como fuera de la misma, teniendo en cuenta todos los p\u00fablicos: clientes, colaboradores, proveedores y prensa.<\/p>","protected":false},"excerpt":{"rendered":"<p>Lo que sucede internamente se va a volver noticia. Es preciso analizar de qu\u00e9 forma y para qui\u00e9n ser\u00e1n divulgadas las informaciones de la empresa. La comunicaci\u00f3n es desarrollada tanto dentro como fuera de la misma, teniendo en cuenta todos los p\u00fablicos: clientes, colaboradores, proveedores y prensa.<\/p>","protected":false},"author":1,"featured_media":71,"parent":10,"menu_order":0,"comment_status":"closed","ping_status":"closed","template":"templates\/servicos.php","meta":{"_acf_changed":false,"inline_featured_image":false,"footnotes":""},"class_list":["post-68","page","type-page","status-publish","has-post-thumbnail","hentry"],"acf":[],"yoast_head":"<!-- This site is optimized with the Yoast SEO plugin v27.2 - https:\/\/yoast.com\/product\/yoast-seo-wordpress\/ -->\n<title>comunica\u00e7\u00e3o corporativa e empresarial - Jo Ribes<\/title>\n<meta name=\"robots\" content=\"index, follow, max-snippet:-1, max-image-preview:large, max-video-preview:-1\" \/>\n<link rel=\"canonical\" href=\"https:\/\/joribes.com.br\/es\/servicos\/comunicacao-corporativa-e-empresarial\/\" \/>\n<meta property=\"og:locale\" content=\"es_ES\" \/>\n<meta property=\"og:type\" content=\"article\" \/>\n<meta property=\"og:title\" content=\"comunica\u00e7\u00e3o corporativa e empresarial - Jo Ribes\" \/>\n<meta property=\"og:description\" content=\"O que acontece internamente vai virar not\u00edcia. \u00c9 preciso analisar de que forma e para quem as informa\u00e7\u00f5es da empresa ser\u00e3o divulgadas. A comunica\u00e7\u00e3o \u00e9 desenvolvida dentro e fora da companhia, levando em conta todos os p\u00fablicos: clientes, parceiros, fornecedores, imprensa.\" \/>\n<meta property=\"og:url\" content=\"https:\/\/joribes.com.br\/es\/servicos\/comunicacao-corporativa-e-empresarial\/\" \/>\n<meta property=\"og:site_name\" content=\"Jo Ribes\" \/>\n<meta property=\"article:modified_time\" content=\"2022-01-13T21:58:37+00:00\" \/>\n<meta property=\"og:image\" content=\"https:\/\/joribes.com.br\/wp-content\/uploads\/2021\/12\/servico-comunicacao-corporativa-empresarial.png\" \/>\n\t<meta property=\"og:image:width\" content=\"798\" \/>\n\t<meta property=\"og:image:height\" content=\"530\" \/>\n\t<meta property=\"og:image:type\" content=\"image\/png\" \/>\n<meta name=\"twitter:card\" content=\"summary_large_image\" \/>\n<script type=\"application\/ld+json\" class=\"yoast-schema-graph\">{\"@context\":\"https:\/\/schema.org\",\"@graph\":[{\"@type\":\"WebPage\",\"@id\":\"https:\/\/joribes.com.br\/pt\/servicos\/comunicacao-corporativa-e-empresarial\/\",\"url\":\"https:\/\/joribes.com.br\/pt\/servicos\/comunicacao-corporativa-e-empresarial\/\",\"name\":\"comunica\u00e7\u00e3o corporativa e empresarial - Jo Ribes\",\"isPartOf\":{\"@id\":\"https:\/\/joribes.com.br\/pt\/#website\"},\"primaryImageOfPage\":{\"@id\":\"https:\/\/joribes.com.br\/pt\/servicos\/comunicacao-corporativa-e-empresarial\/#primaryimage\"},\"image\":{\"@id\":\"https:\/\/joribes.com.br\/pt\/servicos\/comunicacao-corporativa-e-empresarial\/#primaryimage\"},\"thumbnailUrl\":\"https:\/\/joribes.com.br\/wp-content\/uploads\/2021\/12\/servico-comunicacao-corporativa-empresarial.png\",\"datePublished\":\"2021-12-28T00:03:22+00:00\",\"dateModified\":\"2022-01-13T21:58:37+00:00\",\"breadcrumb\":{\"@id\":\"https:\/\/joribes.com.br\/pt\/servicos\/comunicacao-corporativa-e-empresarial\/#breadcrumb\"},\"inLanguage\":\"es\",\"potentialAction\":[{\"@type\":\"ReadAction\",\"target\":[\"https:\/\/joribes.com.br\/pt\/servicos\/comunicacao-corporativa-e-empresarial\/\"]}]},{\"@type\":\"ImageObject\",\"inLanguage\":\"es\",\"@id\":\"https:\/\/joribes.com.br\/pt\/servicos\/comunicacao-corporativa-e-empresarial\/#primaryimage\",\"url\":\"https:\/\/joribes.com.br\/wp-content\/uploads\/2021\/12\/servico-comunicacao-corporativa-empresarial.png\",\"contentUrl\":\"https:\/\/joribes.com.br\/wp-content\/uploads\/2021\/12\/servico-comunicacao-corporativa-empresarial.png\",\"width\":798,\"height\":530},{\"@type\":\"BreadcrumbList\",\"@id\":\"https:\/\/joribes.com.br\/pt\/servicos\/comunicacao-corporativa-e-empresarial\/#breadcrumb\",\"itemListElement\":[{\"@type\":\"ListItem\",\"position\":1,\"name\":\"Home\",\"item\":\"https:\/\/joribes.com.br\/pt\/\"},{\"@type\":\"ListItem\",\"position\":2,\"name\":\"Servi\u00e7os\",\"item\":\"https:\/\/joribes.com.br\/pt\/servicos\/\"},{\"@type\":\"ListItem\",\"position\":3,\"name\":\"comunica\u00e7\u00e3o corporativa e empresarial\"}]},{\"@type\":\"WebSite\",\"@id\":\"https:\/\/joribes.com.br\/pt\/#website\",\"url\":\"https:\/\/joribes.com.br\/pt\/\",\"name\":\"Jo Ribes\",\"description\":\"Ag\u00eancia Boutique\",\"potentialAction\":[{\"@type\":\"SearchAction\",\"target\":{\"@type\":\"EntryPoint\",\"urlTemplate\":\"https:\/\/joribes.com.br\/pt\/?s={search_term_string}\"},\"query-input\":{\"@type\":\"PropertyValueSpecification\",\"valueRequired\":true,\"valueName\":\"search_term_string\"}}],\"inLanguage\":\"es\"}]}<\/script>\n<!-- \/ Yoast SEO plugin. -->","yoast_head_json":{"title":"comunica\u00e7\u00e3o corporativa e empresarial - Jo Ribes","robots":{"index":"index","follow":"follow","max-snippet":"max-snippet:-1","max-image-preview":"max-image-preview:large","max-video-preview":"max-video-preview:-1"},"canonical":"https:\/\/joribes.com.br\/es\/servicos\/comunicacao-corporativa-e-empresarial\/","og_locale":"es_ES","og_type":"article","og_title":"comunica\u00e7\u00e3o corporativa e empresarial - Jo Ribes","og_description":"O que acontece internamente vai virar not\u00edcia. \u00c9 preciso analisar de que forma e para quem as informa\u00e7\u00f5es da empresa ser\u00e3o divulgadas. A comunica\u00e7\u00e3o \u00e9 desenvolvida dentro e fora da companhia, levando em conta todos os p\u00fablicos: clientes, parceiros, fornecedores, imprensa.","og_url":"https:\/\/joribes.com.br\/es\/servicos\/comunicacao-corporativa-e-empresarial\/","og_site_name":"Jo Ribes","article_modified_time":"2022-01-13T21:58:37+00:00","og_image":[{"width":798,"height":530,"url":"https:\/\/joribes.com.br\/wp-content\/uploads\/2021\/12\/servico-comunicacao-corporativa-empresarial.png","type":"image\/png"}],"twitter_card":"summary_large_image","schema":{"@context":"https:\/\/schema.org","@graph":[{"@type":"WebPage","@id":"https:\/\/joribes.com.br\/pt\/servicos\/comunicacao-corporativa-e-empresarial\/","url":"https:\/\/joribes.com.br\/pt\/servicos\/comunicacao-corporativa-e-empresarial\/","name":"comunica\u00e7\u00e3o corporativa e empresarial - Jo Ribes","isPartOf":{"@id":"https:\/\/joribes.com.br\/pt\/#website"},"primaryImageOfPage":{"@id":"https:\/\/joribes.com.br\/pt\/servicos\/comunicacao-corporativa-e-empresarial\/#primaryimage"},"image":{"@id":"https:\/\/joribes.com.br\/pt\/servicos\/comunicacao-corporativa-e-empresarial\/#primaryimage"},"thumbnailUrl":"https:\/\/joribes.com.br\/wp-content\/uploads\/2021\/12\/servico-comunicacao-corporativa-empresarial.png","datePublished":"2021-12-28T00:03:22+00:00","dateModified":"2022-01-13T21:58:37+00:00","breadcrumb":{"@id":"https:\/\/joribes.com.br\/pt\/servicos\/comunicacao-corporativa-e-empresarial\/#breadcrumb"},"inLanguage":"es","potentialAction":[{"@type":"ReadAction","target":["https:\/\/joribes.com.br\/pt\/servicos\/comunicacao-corporativa-e-empresarial\/"]}]},{"@type":"ImageObject","inLanguage":"es","@id":"https:\/\/joribes.com.br\/pt\/servicos\/comunicacao-corporativa-e-empresarial\/#primaryimage","url":"https:\/\/joribes.com.br\/wp-content\/uploads\/2021\/12\/servico-comunicacao-corporativa-empresarial.png","contentUrl":"https:\/\/joribes.com.br\/wp-content\/uploads\/2021\/12\/servico-comunicacao-corporativa-empresarial.png","width":798,"height":530},{"@type":"BreadcrumbList","@id":"https:\/\/joribes.com.br\/pt\/servicos\/comunicacao-corporativa-e-empresarial\/#breadcrumb","itemListElement":[{"@type":"ListItem","position":1,"name":"Home","item":"https:\/\/joribes.com.br\/pt\/"},{"@type":"ListItem","position":2,"name":"Servi\u00e7os","item":"https:\/\/joribes.com.br\/pt\/servicos\/"},{"@type":"ListItem","position":3,"name":"comunica\u00e7\u00e3o corporativa e empresarial"}]},{"@type":"WebSite","@id":"https:\/\/joribes.com.br\/pt\/#website","url":"https:\/\/joribes.com.br\/pt\/","name":"Jo Ribes","description":"Ag\u00eancia Boutique","potentialAction":[{"@type":"SearchAction","target":{"@type":"EntryPoint","urlTemplate":"https:\/\/joribes.com.br\/pt\/?s={search_term_string}"},"query-input":{"@type":"PropertyValueSpecification","valueRequired":true,"valueName":"search_term_string"}}],"inLanguage":"es"}]}},"_links":{"self":[{"href":"https:\/\/joribes.com.br\/es\/wp-json\/wp\/v2\/pages\/68","targetHints":{"allow":["GET"]}}],"collection":[{"href":"https:\/\/joribes.com.br\/es\/wp-json\/wp\/v2\/pages"}],"about":[{"href":"https:\/\/joribes.com.br\/es\/wp-json\/wp\/v2\/types\/page"}],"author":[{"embeddable":true,"href":"https:\/\/joribes.com.br\/es\/wp-json\/wp\/v2\/users\/1"}],"replies":[{"embeddable":true,"href":"https:\/\/joribes.com.br\/es\/wp-json\/wp\/v2\/comments?post=68"}],"version-history":[{"count":2,"href":"https:\/\/joribes.com.br\/es\/wp-json\/wp\/v2\/pages\/68\/revisions"}],"predecessor-version":[{"id":154,"href":"https:\/\/joribes.com.br\/es\/wp-json\/wp\/v2\/pages\/68\/revisions\/154"}],"up":[{"embeddable":true,"href":"https:\/\/joribes.com.br\/es\/wp-json\/wp\/v2\/pages\/10"}],"wp:featuredmedia":[{"embeddable":true,"href":"https:\/\/joribes.com.br\/es\/wp-json\/wp\/v2\/media\/71"}],"wp:attachment":[{"href":"https:\/\/joribes.com.br\/es\/wp-json\/wp\/v2\/media?parent=68"}],"curies":[{"name":"wp","href":"https:\/\/api.w.org\/{rel}","templated":true}]}}