{"id":74,"date":"2021-12-27T21:07:30","date_gmt":"2021-12-28T00:07:30","guid":{"rendered":"http:\/\/localhost:8888\/joribes\/website\/?page_id=74"},"modified":"2022-01-10T10:41:05","modified_gmt":"2022-01-10T13:41:05","slug":"conteudo-projetos-especiais-e-branded-content","status":"publish","type":"page","link":"https:\/\/joribes.com.br\/es\/servicos\/conteudo-projetos-especiais-e-branded-content\/","title":{"rendered":"contenido, proyectos especiales y branded content"},"content":{"rendered":"<p>El buen contenido es aquel que la empresa necesita hablar en diversos lenguajes. Cada cliente, para nosotros, es una historia diferente que merece ser escrita y divulgada. Desarrollamos estrategias con soluciones adecuadas a las necesidades de su negocio.<\/p>","protected":false},"excerpt":{"rendered":"<p>El buen contenido es aquel que la empresa necesita hablar en diversos lenguajes. Cada cliente, para nosotros, es una historia diferente que merece ser escrita y divulgada. Desarrollamos estrategias con soluciones adecuadas a las necesidades de su negocio.<\/p>","protected":false},"author":1,"featured_media":75,"parent":10,"menu_order":0,"comment_status":"closed","ping_status":"closed","template":"templates\/servicos.php","meta":{"_acf_changed":false,"inline_featured_image":false,"footnotes":""},"class_list":["post-74","page","type-page","status-publish","has-post-thumbnail","hentry"],"acf":[],"yoast_head":"<!-- This site is optimized with the Yoast SEO plugin v27.2 - https:\/\/yoast.com\/product\/yoast-seo-wordpress\/ -->\n<title>conte\u00fado, projetos especiais e branded content - Jo Ribes<\/title>\n<meta name=\"robots\" content=\"index, follow, max-snippet:-1, max-image-preview:large, max-video-preview:-1\" \/>\n<link rel=\"canonical\" href=\"https:\/\/joribes.com.br\/es\/servicos\/conteudo-projetos-especiais-e-branded-content\/\" \/>\n<meta property=\"og:locale\" content=\"es_ES\" \/>\n<meta property=\"og:type\" content=\"article\" \/>\n<meta property=\"og:title\" content=\"conte\u00fado, projetos especiais e branded content - Jo Ribes\" \/>\n<meta property=\"og:description\" content=\"Conte\u00fado bom \u00e9 aquele que fala o que a empresa precisa em diversas l\u00ednguas. Cada cliente, para n\u00f3s, \u00e9 uma hist\u00f3ria diferente que merece ser escrita e divulgada. Desenvolvemos estrat\u00e9gias com solu\u00e7\u00f5es adequadas \u00e0 necessidade do seu neg\u00f3cio.\" \/>\n<meta property=\"og:url\" content=\"https:\/\/joribes.com.br\/es\/servicos\/conteudo-projetos-especiais-e-branded-content\/\" \/>\n<meta property=\"og:site_name\" content=\"Jo Ribes\" \/>\n<meta property=\"article:modified_time\" content=\"2022-01-10T13:41:05+00:00\" \/>\n<meta property=\"og:image\" content=\"https:\/\/joribes.com.br\/wp-content\/uploads\/2021\/12\/servico-conteudo-projetos-especiais-branded-content.png\" \/>\n\t<meta property=\"og:image:width\" content=\"800\" \/>\n\t<meta property=\"og:image:height\" content=\"530\" \/>\n\t<meta property=\"og:image:type\" content=\"image\/png\" \/>\n<meta name=\"twitter:card\" content=\"summary_large_image\" \/>\n<script type=\"application\/ld+json\" class=\"yoast-schema-graph\">{\"@context\":\"https:\/\/schema.org\",\"@graph\":[{\"@type\":\"WebPage\",\"@id\":\"https:\/\/joribes.com.br\/pt\/servicos\/conteudo-projetos-especiais-e-branded-content\/\",\"url\":\"https:\/\/joribes.com.br\/pt\/servicos\/conteudo-projetos-especiais-e-branded-content\/\",\"name\":\"conte\u00fado, projetos especiais e branded content - Jo Ribes\",\"isPartOf\":{\"@id\":\"https:\/\/joribes.com.br\/pt\/#website\"},\"primaryImageOfPage\":{\"@id\":\"https:\/\/joribes.com.br\/pt\/servicos\/conteudo-projetos-especiais-e-branded-content\/#primaryimage\"},\"image\":{\"@id\":\"https:\/\/joribes.com.br\/pt\/servicos\/conteudo-projetos-especiais-e-branded-content\/#primaryimage\"},\"thumbnailUrl\":\"https:\/\/joribes.com.br\/wp-content\/uploads\/2021\/12\/servico-conteudo-projetos-especiais-branded-content.png\",\"datePublished\":\"2021-12-28T00:07:30+00:00\",\"dateModified\":\"2022-01-10T13:41:05+00:00\",\"breadcrumb\":{\"@id\":\"https:\/\/joribes.com.br\/pt\/servicos\/conteudo-projetos-especiais-e-branded-content\/#breadcrumb\"},\"inLanguage\":\"es\",\"potentialAction\":[{\"@type\":\"ReadAction\",\"target\":[\"https:\/\/joribes.com.br\/pt\/servicos\/conteudo-projetos-especiais-e-branded-content\/\"]}]},{\"@type\":\"ImageObject\",\"inLanguage\":\"es\",\"@id\":\"https:\/\/joribes.com.br\/pt\/servicos\/conteudo-projetos-especiais-e-branded-content\/#primaryimage\",\"url\":\"https:\/\/joribes.com.br\/wp-content\/uploads\/2021\/12\/servico-conteudo-projetos-especiais-branded-content.png\",\"contentUrl\":\"https:\/\/joribes.com.br\/wp-content\/uploads\/2021\/12\/servico-conteudo-projetos-especiais-branded-content.png\",\"width\":800,\"height\":530},{\"@type\":\"BreadcrumbList\",\"@id\":\"https:\/\/joribes.com.br\/pt\/servicos\/conteudo-projetos-especiais-e-branded-content\/#breadcrumb\",\"itemListElement\":[{\"@type\":\"ListItem\",\"position\":1,\"name\":\"Home\",\"item\":\"https:\/\/joribes.com.br\/pt\/\"},{\"@type\":\"ListItem\",\"position\":2,\"name\":\"Servi\u00e7os\",\"item\":\"https:\/\/joribes.com.br\/pt\/servicos\/\"},{\"@type\":\"ListItem\",\"position\":3,\"name\":\"conte\u00fado, projetos especiais e branded content\"}]},{\"@type\":\"WebSite\",\"@id\":\"https:\/\/joribes.com.br\/pt\/#website\",\"url\":\"https:\/\/joribes.com.br\/pt\/\",\"name\":\"Jo Ribes\",\"description\":\"Ag\u00eancia Boutique\",\"potentialAction\":[{\"@type\":\"SearchAction\",\"target\":{\"@type\":\"EntryPoint\",\"urlTemplate\":\"https:\/\/joribes.com.br\/pt\/?s={search_term_string}\"},\"query-input\":{\"@type\":\"PropertyValueSpecification\",\"valueRequired\":true,\"valueName\":\"search_term_string\"}}],\"inLanguage\":\"es\"}]}<\/script>\n<!-- \/ Yoast SEO plugin. -->","yoast_head_json":{"title":"conte\u00fado, projetos especiais e branded content - Jo Ribes","robots":{"index":"index","follow":"follow","max-snippet":"max-snippet:-1","max-image-preview":"max-image-preview:large","max-video-preview":"max-video-preview:-1"},"canonical":"https:\/\/joribes.com.br\/es\/servicos\/conteudo-projetos-especiais-e-branded-content\/","og_locale":"es_ES","og_type":"article","og_title":"conte\u00fado, projetos especiais e branded content - Jo Ribes","og_description":"Conte\u00fado bom \u00e9 aquele que fala o que a empresa precisa em diversas l\u00ednguas. Cada cliente, para n\u00f3s, \u00e9 uma hist\u00f3ria diferente que merece ser escrita e divulgada. Desenvolvemos estrat\u00e9gias com solu\u00e7\u00f5es adequadas \u00e0 necessidade do seu neg\u00f3cio.","og_url":"https:\/\/joribes.com.br\/es\/servicos\/conteudo-projetos-especiais-e-branded-content\/","og_site_name":"Jo Ribes","article_modified_time":"2022-01-10T13:41:05+00:00","og_image":[{"width":800,"height":530,"url":"https:\/\/joribes.com.br\/wp-content\/uploads\/2021\/12\/servico-conteudo-projetos-especiais-branded-content.png","type":"image\/png"}],"twitter_card":"summary_large_image","schema":{"@context":"https:\/\/schema.org","@graph":[{"@type":"WebPage","@id":"https:\/\/joribes.com.br\/pt\/servicos\/conteudo-projetos-especiais-e-branded-content\/","url":"https:\/\/joribes.com.br\/pt\/servicos\/conteudo-projetos-especiais-e-branded-content\/","name":"conte\u00fado, projetos especiais e branded content - Jo Ribes","isPartOf":{"@id":"https:\/\/joribes.com.br\/pt\/#website"},"primaryImageOfPage":{"@id":"https:\/\/joribes.com.br\/pt\/servicos\/conteudo-projetos-especiais-e-branded-content\/#primaryimage"},"image":{"@id":"https:\/\/joribes.com.br\/pt\/servicos\/conteudo-projetos-especiais-e-branded-content\/#primaryimage"},"thumbnailUrl":"https:\/\/joribes.com.br\/wp-content\/uploads\/2021\/12\/servico-conteudo-projetos-especiais-branded-content.png","datePublished":"2021-12-28T00:07:30+00:00","dateModified":"2022-01-10T13:41:05+00:00","breadcrumb":{"@id":"https:\/\/joribes.com.br\/pt\/servicos\/conteudo-projetos-especiais-e-branded-content\/#breadcrumb"},"inLanguage":"es","potentialAction":[{"@type":"ReadAction","target":["https:\/\/joribes.com.br\/pt\/servicos\/conteudo-projetos-especiais-e-branded-content\/"]}]},{"@type":"ImageObject","inLanguage":"es","@id":"https:\/\/joribes.com.br\/pt\/servicos\/conteudo-projetos-especiais-e-branded-content\/#primaryimage","url":"https:\/\/joribes.com.br\/wp-content\/uploads\/2021\/12\/servico-conteudo-projetos-especiais-branded-content.png","contentUrl":"https:\/\/joribes.com.br\/wp-content\/uploads\/2021\/12\/servico-conteudo-projetos-especiais-branded-content.png","width":800,"height":530},{"@type":"BreadcrumbList","@id":"https:\/\/joribes.com.br\/pt\/servicos\/conteudo-projetos-especiais-e-branded-content\/#breadcrumb","itemListElement":[{"@type":"ListItem","position":1,"name":"Home","item":"https:\/\/joribes.com.br\/pt\/"},{"@type":"ListItem","position":2,"name":"Servi\u00e7os","item":"https:\/\/joribes.com.br\/pt\/servicos\/"},{"@type":"ListItem","position":3,"name":"conte\u00fado, projetos especiais e branded content"}]},{"@type":"WebSite","@id":"https:\/\/joribes.com.br\/pt\/#website","url":"https:\/\/joribes.com.br\/pt\/","name":"Jo Ribes","description":"Ag\u00eancia Boutique","potentialAction":[{"@type":"SearchAction","target":{"@type":"EntryPoint","urlTemplate":"https:\/\/joribes.com.br\/pt\/?s={search_term_string}"},"query-input":{"@type":"PropertyValueSpecification","valueRequired":true,"valueName":"search_term_string"}}],"inLanguage":"es"}]}},"_links":{"self":[{"href":"https:\/\/joribes.com.br\/es\/wp-json\/wp\/v2\/pages\/74","targetHints":{"allow":["GET"]}}],"collection":[{"href":"https:\/\/joribes.com.br\/es\/wp-json\/wp\/v2\/pages"}],"about":[{"href":"https:\/\/joribes.com.br\/es\/wp-json\/wp\/v2\/types\/page"}],"author":[{"embeddable":true,"href":"https:\/\/joribes.com.br\/es\/wp-json\/wp\/v2\/users\/1"}],"replies":[{"embeddable":true,"href":"https:\/\/joribes.com.br\/es\/wp-json\/wp\/v2\/comments?post=74"}],"version-history":[{"count":2,"href":"https:\/\/joribes.com.br\/es\/wp-json\/wp\/v2\/pages\/74\/revisions"}],"predecessor-version":[{"id":146,"href":"https:\/\/joribes.com.br\/es\/wp-json\/wp\/v2\/pages\/74\/revisions\/146"}],"up":[{"embeddable":true,"href":"https:\/\/joribes.com.br\/es\/wp-json\/wp\/v2\/pages\/10"}],"wp:featuredmedia":[{"embeddable":true,"href":"https:\/\/joribes.com.br\/es\/wp-json\/wp\/v2\/media\/75"}],"wp:attachment":[{"href":"https:\/\/joribes.com.br\/es\/wp-json\/wp\/v2\/media?parent=74"}],"curies":[{"name":"wp","href":"https:\/\/api.w.org\/{rel}","templated":true}]}}