{"id":83,"date":"2021-12-27T21:12:11","date_gmt":"2021-12-28T00:12:11","guid":{"rendered":"http:\/\/localhost:8888\/joribes\/website\/?page_id=83"},"modified":"2022-01-10T10:43:49","modified_gmt":"2022-01-10T13:43:49","slug":"marketing-360-graus","status":"publish","type":"page","link":"https:\/\/joribes.com.br\/es\/servicos\/marketing-360-graus\/","title":{"rendered":"proyectos de marketing 360 grados"},"content":{"rendered":"<p>Adoramos los desaf\u00edos. Hoy en d\u00eda las personas oyen sobre productos y servicios, pero sobre todo quieren interactuar con las marcas. Es necesario buscar  la identificaci\u00f3n con el p\u00fablico, descubrir y definir valores invirtiendo en el perfil del cliente, en los canales de comunicaci\u00f3n, aparte de priorizar una forma de estrechar una relaci\u00f3n de confianza duradera.<\/p>","protected":false},"excerpt":{"rendered":"<p>Adoramos los desaf\u00edos. Hoy en d\u00eda las personas oyen sobre productos y servicios, pero sobre todo quieren interactuar con las marcas. Es necesario buscar  la identificaci\u00f3n con el p\u00fablico, descubrir y definir valores invirtiendo en el perfil del cliente, en los canales de comunicaci\u00f3n, aparte de priorizar una forma de estrechar una relaci\u00f3n de confianza duradera.<\/p>","protected":false},"author":1,"featured_media":84,"parent":10,"menu_order":0,"comment_status":"closed","ping_status":"closed","template":"templates\/servicos.php","meta":{"_acf_changed":false,"inline_featured_image":false,"footnotes":""},"class_list":["post-83","page","type-page","status-publish","has-post-thumbnail","hentry"],"acf":[],"yoast_head":"<!-- This site is optimized with the Yoast SEO plugin v27.2 - https:\/\/yoast.com\/product\/yoast-seo-wordpress\/ -->\n<title>marketing 360 graus - Jo Ribes<\/title>\n<meta name=\"robots\" content=\"index, follow, max-snippet:-1, max-image-preview:large, max-video-preview:-1\" \/>\n<link rel=\"canonical\" href=\"https:\/\/joribes.com.br\/es\/servicos\/marketing-360-graus\/\" \/>\n<meta property=\"og:locale\" content=\"es_ES\" \/>\n<meta property=\"og:type\" content=\"article\" \/>\n<meta property=\"og:title\" content=\"marketing 360 graus - Jo Ribes\" \/>\n<meta property=\"og:description\" content=\"Adoramos desafios. As pessoas hoje ouvem sobre produtos e servi\u00e7os, mas querem, principalmente, interagir com as marcas. \u00c9 preciso buscar a identifica\u00e7\u00e3o com o p\u00fablico e descobrir e definir valores investindo no perfil do cliente, nos canais de comunica\u00e7\u00e3o, al\u00e9m de priorizar uma forma de aprofundar a rela\u00e7\u00e3o de confian\u00e7a.\" \/>\n<meta property=\"og:url\" content=\"https:\/\/joribes.com.br\/es\/servicos\/marketing-360-graus\/\" \/>\n<meta property=\"og:site_name\" content=\"Jo Ribes\" \/>\n<meta property=\"article:modified_time\" content=\"2022-01-10T13:43:49+00:00\" \/>\n<meta property=\"og:image\" content=\"https:\/\/joribes.com.br\/wp-content\/uploads\/2021\/12\/servico-marketing-360-graus.png\" \/>\n\t<meta property=\"og:image:width\" content=\"797\" \/>\n\t<meta property=\"og:image:height\" content=\"530\" \/>\n\t<meta property=\"og:image:type\" content=\"image\/png\" \/>\n<meta name=\"twitter:card\" content=\"summary_large_image\" \/>\n<script type=\"application\/ld+json\" class=\"yoast-schema-graph\">{\"@context\":\"https:\/\/schema.org\",\"@graph\":[{\"@type\":\"WebPage\",\"@id\":\"https:\/\/joribes.com.br\/pt\/servicos\/marketing-360-graus\/\",\"url\":\"https:\/\/joribes.com.br\/pt\/servicos\/marketing-360-graus\/\",\"name\":\"marketing 360 graus - Jo Ribes\",\"isPartOf\":{\"@id\":\"https:\/\/joribes.com.br\/pt\/#website\"},\"primaryImageOfPage\":{\"@id\":\"https:\/\/joribes.com.br\/pt\/servicos\/marketing-360-graus\/#primaryimage\"},\"image\":{\"@id\":\"https:\/\/joribes.com.br\/pt\/servicos\/marketing-360-graus\/#primaryimage\"},\"thumbnailUrl\":\"https:\/\/joribes.com.br\/wp-content\/uploads\/2021\/12\/servico-marketing-360-graus.png\",\"datePublished\":\"2021-12-28T00:12:11+00:00\",\"dateModified\":\"2022-01-10T13:43:49+00:00\",\"breadcrumb\":{\"@id\":\"https:\/\/joribes.com.br\/pt\/servicos\/marketing-360-graus\/#breadcrumb\"},\"inLanguage\":\"es\",\"potentialAction\":[{\"@type\":\"ReadAction\",\"target\":[\"https:\/\/joribes.com.br\/pt\/servicos\/marketing-360-graus\/\"]}]},{\"@type\":\"ImageObject\",\"inLanguage\":\"es\",\"@id\":\"https:\/\/joribes.com.br\/pt\/servicos\/marketing-360-graus\/#primaryimage\",\"url\":\"https:\/\/joribes.com.br\/wp-content\/uploads\/2021\/12\/servico-marketing-360-graus.png\",\"contentUrl\":\"https:\/\/joribes.com.br\/wp-content\/uploads\/2021\/12\/servico-marketing-360-graus.png\",\"width\":797,\"height\":530},{\"@type\":\"BreadcrumbList\",\"@id\":\"https:\/\/joribes.com.br\/pt\/servicos\/marketing-360-graus\/#breadcrumb\",\"itemListElement\":[{\"@type\":\"ListItem\",\"position\":1,\"name\":\"Home\",\"item\":\"https:\/\/joribes.com.br\/pt\/\"},{\"@type\":\"ListItem\",\"position\":2,\"name\":\"Servi\u00e7os\",\"item\":\"https:\/\/joribes.com.br\/pt\/servicos\/\"},{\"@type\":\"ListItem\",\"position\":3,\"name\":\"marketing 360 graus\"}]},{\"@type\":\"WebSite\",\"@id\":\"https:\/\/joribes.com.br\/pt\/#website\",\"url\":\"https:\/\/joribes.com.br\/pt\/\",\"name\":\"Jo Ribes\",\"description\":\"Ag\u00eancia Boutique\",\"potentialAction\":[{\"@type\":\"SearchAction\",\"target\":{\"@type\":\"EntryPoint\",\"urlTemplate\":\"https:\/\/joribes.com.br\/pt\/?s={search_term_string}\"},\"query-input\":{\"@type\":\"PropertyValueSpecification\",\"valueRequired\":true,\"valueName\":\"search_term_string\"}}],\"inLanguage\":\"es\"}]}<\/script>\n<!-- \/ Yoast SEO plugin. -->","yoast_head_json":{"title":"marketing 360 graus - Jo Ribes","robots":{"index":"index","follow":"follow","max-snippet":"max-snippet:-1","max-image-preview":"max-image-preview:large","max-video-preview":"max-video-preview:-1"},"canonical":"https:\/\/joribes.com.br\/es\/servicos\/marketing-360-graus\/","og_locale":"es_ES","og_type":"article","og_title":"marketing 360 graus - Jo Ribes","og_description":"Adoramos desafios. As pessoas hoje ouvem sobre produtos e servi\u00e7os, mas querem, principalmente, interagir com as marcas. \u00c9 preciso buscar a identifica\u00e7\u00e3o com o p\u00fablico e descobrir e definir valores investindo no perfil do cliente, nos canais de comunica\u00e7\u00e3o, al\u00e9m de priorizar uma forma de aprofundar a rela\u00e7\u00e3o de confian\u00e7a.","og_url":"https:\/\/joribes.com.br\/es\/servicos\/marketing-360-graus\/","og_site_name":"Jo Ribes","article_modified_time":"2022-01-10T13:43:49+00:00","og_image":[{"width":797,"height":530,"url":"https:\/\/joribes.com.br\/wp-content\/uploads\/2021\/12\/servico-marketing-360-graus.png","type":"image\/png"}],"twitter_card":"summary_large_image","schema":{"@context":"https:\/\/schema.org","@graph":[{"@type":"WebPage","@id":"https:\/\/joribes.com.br\/pt\/servicos\/marketing-360-graus\/","url":"https:\/\/joribes.com.br\/pt\/servicos\/marketing-360-graus\/","name":"marketing 360 graus - Jo Ribes","isPartOf":{"@id":"https:\/\/joribes.com.br\/pt\/#website"},"primaryImageOfPage":{"@id":"https:\/\/joribes.com.br\/pt\/servicos\/marketing-360-graus\/#primaryimage"},"image":{"@id":"https:\/\/joribes.com.br\/pt\/servicos\/marketing-360-graus\/#primaryimage"},"thumbnailUrl":"https:\/\/joribes.com.br\/wp-content\/uploads\/2021\/12\/servico-marketing-360-graus.png","datePublished":"2021-12-28T00:12:11+00:00","dateModified":"2022-01-10T13:43:49+00:00","breadcrumb":{"@id":"https:\/\/joribes.com.br\/pt\/servicos\/marketing-360-graus\/#breadcrumb"},"inLanguage":"es","potentialAction":[{"@type":"ReadAction","target":["https:\/\/joribes.com.br\/pt\/servicos\/marketing-360-graus\/"]}]},{"@type":"ImageObject","inLanguage":"es","@id":"https:\/\/joribes.com.br\/pt\/servicos\/marketing-360-graus\/#primaryimage","url":"https:\/\/joribes.com.br\/wp-content\/uploads\/2021\/12\/servico-marketing-360-graus.png","contentUrl":"https:\/\/joribes.com.br\/wp-content\/uploads\/2021\/12\/servico-marketing-360-graus.png","width":797,"height":530},{"@type":"BreadcrumbList","@id":"https:\/\/joribes.com.br\/pt\/servicos\/marketing-360-graus\/#breadcrumb","itemListElement":[{"@type":"ListItem","position":1,"name":"Home","item":"https:\/\/joribes.com.br\/pt\/"},{"@type":"ListItem","position":2,"name":"Servi\u00e7os","item":"https:\/\/joribes.com.br\/pt\/servicos\/"},{"@type":"ListItem","position":3,"name":"marketing 360 graus"}]},{"@type":"WebSite","@id":"https:\/\/joribes.com.br\/pt\/#website","url":"https:\/\/joribes.com.br\/pt\/","name":"Jo Ribes","description":"Ag\u00eancia Boutique","potentialAction":[{"@type":"SearchAction","target":{"@type":"EntryPoint","urlTemplate":"https:\/\/joribes.com.br\/pt\/?s={search_term_string}"},"query-input":{"@type":"PropertyValueSpecification","valueRequired":true,"valueName":"search_term_string"}}],"inLanguage":"es"}]}},"_links":{"self":[{"href":"https:\/\/joribes.com.br\/es\/wp-json\/wp\/v2\/pages\/83","targetHints":{"allow":["GET"]}}],"collection":[{"href":"https:\/\/joribes.com.br\/es\/wp-json\/wp\/v2\/pages"}],"about":[{"href":"https:\/\/joribes.com.br\/es\/wp-json\/wp\/v2\/types\/page"}],"author":[{"embeddable":true,"href":"https:\/\/joribes.com.br\/es\/wp-json\/wp\/v2\/users\/1"}],"replies":[{"embeddable":true,"href":"https:\/\/joribes.com.br\/es\/wp-json\/wp\/v2\/comments?post=83"}],"version-history":[{"count":2,"href":"https:\/\/joribes.com.br\/es\/wp-json\/wp\/v2\/pages\/83\/revisions"}],"predecessor-version":[{"id":149,"href":"https:\/\/joribes.com.br\/es\/wp-json\/wp\/v2\/pages\/83\/revisions\/149"}],"up":[{"embeddable":true,"href":"https:\/\/joribes.com.br\/es\/wp-json\/wp\/v2\/pages\/10"}],"wp:featuredmedia":[{"embeddable":true,"href":"https:\/\/joribes.com.br\/es\/wp-json\/wp\/v2\/media\/84"}],"wp:attachment":[{"href":"https:\/\/joribes.com.br\/es\/wp-json\/wp\/v2\/media?parent=83"}],"curies":[{"name":"wp","href":"https:\/\/api.w.org\/{rel}","templated":true}]}}