{"id":70,"date":"2021-12-27T21:05:39","date_gmt":"2021-12-28T00:05:39","guid":{"rendered":"http:\/\/localhost:8888\/joribes\/website\/?page_id=70"},"modified":"2022-01-10T10:42:06","modified_gmt":"2022-01-10T13:42:06","slug":"endomarketing","status":"publish","type":"page","link":"https:\/\/joribes.com.br\/pt\/servicos\/endomarketing\/","title":{"rendered":"endomarketing"},"content":{"rendered":"\n<p>Para conquistar o p\u00fablico externo, \u00e9 preciso investir nas equipes. Toda empresa que faz isso percebe que os resultados v\u00e3o bem al\u00e9m dos financeiros. A comunica\u00e7\u00e3o agrega, une, harmoniza e promove a transpar\u00eancia. O crescimento da empresa transborda.<\/p>\n","protected":false},"excerpt":{"rendered":"<p>Para conquistar o p\u00fablico externo, \u00e9 preciso investir nas equipes. Toda empresa que faz isso percebe que os resultados v\u00e3o bem al\u00e9m dos financeiros. A comunica\u00e7\u00e3o agrega, une, harmoniza e promove a transpar\u00eancia. O crescimento da empresa transborda.<\/p>\n","protected":false},"author":1,"featured_media":72,"parent":10,"menu_order":0,"comment_status":"closed","ping_status":"closed","template":"templates\/servicos.php","meta":{"_acf_changed":false,"inline_featured_image":false,"footnotes":""},"class_list":["post-70","page","type-page","status-publish","has-post-thumbnail","hentry"],"acf":[],"yoast_head":"<!-- This site is optimized with the Yoast SEO plugin v27.2 - https:\/\/yoast.com\/product\/yoast-seo-wordpress\/ -->\n<title>endomarketing - Jo Ribes<\/title>\n<meta name=\"robots\" content=\"index, follow, max-snippet:-1, max-image-preview:large, max-video-preview:-1\" \/>\n<link rel=\"canonical\" href=\"https:\/\/joribes.com.br\/pt\/servicos\/endomarketing\/\" \/>\n<meta property=\"og:locale\" content=\"pt_BR\" \/>\n<meta property=\"og:type\" content=\"article\" \/>\n<meta property=\"og:title\" content=\"endomarketing - Jo Ribes\" \/>\n<meta property=\"og:description\" content=\"Para conquistar o p\u00fablico externo, \u00e9 preciso investir nas equipes. Toda empresa que faz isso percebe que os resultados v\u00e3o bem al\u00e9m dos financeiros. A comunica\u00e7\u00e3o agrega, une, harmoniza e promove a transpar\u00eancia. O crescimento da empresa transborda.\" \/>\n<meta property=\"og:url\" content=\"https:\/\/joribes.com.br\/pt\/servicos\/endomarketing\/\" \/>\n<meta property=\"og:site_name\" content=\"Jo Ribes\" \/>\n<meta property=\"article:modified_time\" content=\"2022-01-10T13:42:06+00:00\" \/>\n<meta property=\"og:image\" content=\"https:\/\/joribes.com.br\/wp-content\/uploads\/2021\/12\/servico-endomarketing.png\" \/>\n\t<meta property=\"og:image:width\" content=\"800\" \/>\n\t<meta property=\"og:image:height\" content=\"530\" \/>\n\t<meta property=\"og:image:type\" content=\"image\/png\" \/>\n<meta name=\"twitter:card\" content=\"summary_large_image\" \/>\n<script type=\"application\/ld+json\" class=\"yoast-schema-graph\">{\"@context\":\"https:\/\/schema.org\",\"@graph\":[{\"@type\":\"WebPage\",\"@id\":\"https:\/\/joribes.com.br\/pt\/servicos\/endomarketing\/\",\"url\":\"https:\/\/joribes.com.br\/pt\/servicos\/endomarketing\/\",\"name\":\"endomarketing - Jo Ribes\",\"isPartOf\":{\"@id\":\"https:\/\/joribes.com.br\/pt\/#website\"},\"primaryImageOfPage\":{\"@id\":\"https:\/\/joribes.com.br\/pt\/servicos\/endomarketing\/#primaryimage\"},\"image\":{\"@id\":\"https:\/\/joribes.com.br\/pt\/servicos\/endomarketing\/#primaryimage\"},\"thumbnailUrl\":\"https:\/\/joribes.com.br\/wp-content\/uploads\/2021\/12\/servico-endomarketing.png\",\"datePublished\":\"2021-12-28T00:05:39+00:00\",\"dateModified\":\"2022-01-10T13:42:06+00:00\",\"breadcrumb\":{\"@id\":\"https:\/\/joribes.com.br\/pt\/servicos\/endomarketing\/#breadcrumb\"},\"inLanguage\":\"pt-BR\",\"potentialAction\":[{\"@type\":\"ReadAction\",\"target\":[\"https:\/\/joribes.com.br\/pt\/servicos\/endomarketing\/\"]}]},{\"@type\":\"ImageObject\",\"inLanguage\":\"pt-BR\",\"@id\":\"https:\/\/joribes.com.br\/pt\/servicos\/endomarketing\/#primaryimage\",\"url\":\"https:\/\/joribes.com.br\/wp-content\/uploads\/2021\/12\/servico-endomarketing.png\",\"contentUrl\":\"https:\/\/joribes.com.br\/wp-content\/uploads\/2021\/12\/servico-endomarketing.png\",\"width\":800,\"height\":530},{\"@type\":\"BreadcrumbList\",\"@id\":\"https:\/\/joribes.com.br\/pt\/servicos\/endomarketing\/#breadcrumb\",\"itemListElement\":[{\"@type\":\"ListItem\",\"position\":1,\"name\":\"Home\",\"item\":\"https:\/\/joribes.com.br\/pt\/\"},{\"@type\":\"ListItem\",\"position\":2,\"name\":\"Servi\u00e7os\",\"item\":\"https:\/\/joribes.com.br\/pt\/servicos\/\"},{\"@type\":\"ListItem\",\"position\":3,\"name\":\"endomarketing\"}]},{\"@type\":\"WebSite\",\"@id\":\"https:\/\/joribes.com.br\/pt\/#website\",\"url\":\"https:\/\/joribes.com.br\/pt\/\",\"name\":\"Jo Ribes\",\"description\":\"Ag\u00eancia Boutique\",\"potentialAction\":[{\"@type\":\"SearchAction\",\"target\":{\"@type\":\"EntryPoint\",\"urlTemplate\":\"https:\/\/joribes.com.br\/pt\/?s={search_term_string}\"},\"query-input\":{\"@type\":\"PropertyValueSpecification\",\"valueRequired\":true,\"valueName\":\"search_term_string\"}}],\"inLanguage\":\"pt-BR\"}]}<\/script>\n<!-- \/ Yoast SEO plugin. -->","yoast_head_json":{"title":"endomarketing - Jo Ribes","robots":{"index":"index","follow":"follow","max-snippet":"max-snippet:-1","max-image-preview":"max-image-preview:large","max-video-preview":"max-video-preview:-1"},"canonical":"https:\/\/joribes.com.br\/pt\/servicos\/endomarketing\/","og_locale":"pt_BR","og_type":"article","og_title":"endomarketing - Jo Ribes","og_description":"Para conquistar o p\u00fablico externo, \u00e9 preciso investir nas equipes. Toda empresa que faz isso percebe que os resultados v\u00e3o bem al\u00e9m dos financeiros. A comunica\u00e7\u00e3o agrega, une, harmoniza e promove a transpar\u00eancia. O crescimento da empresa transborda.","og_url":"https:\/\/joribes.com.br\/pt\/servicos\/endomarketing\/","og_site_name":"Jo Ribes","article_modified_time":"2022-01-10T13:42:06+00:00","og_image":[{"width":800,"height":530,"url":"https:\/\/joribes.com.br\/wp-content\/uploads\/2021\/12\/servico-endomarketing.png","type":"image\/png"}],"twitter_card":"summary_large_image","schema":{"@context":"https:\/\/schema.org","@graph":[{"@type":"WebPage","@id":"https:\/\/joribes.com.br\/pt\/servicos\/endomarketing\/","url":"https:\/\/joribes.com.br\/pt\/servicos\/endomarketing\/","name":"endomarketing - Jo Ribes","isPartOf":{"@id":"https:\/\/joribes.com.br\/pt\/#website"},"primaryImageOfPage":{"@id":"https:\/\/joribes.com.br\/pt\/servicos\/endomarketing\/#primaryimage"},"image":{"@id":"https:\/\/joribes.com.br\/pt\/servicos\/endomarketing\/#primaryimage"},"thumbnailUrl":"https:\/\/joribes.com.br\/wp-content\/uploads\/2021\/12\/servico-endomarketing.png","datePublished":"2021-12-28T00:05:39+00:00","dateModified":"2022-01-10T13:42:06+00:00","breadcrumb":{"@id":"https:\/\/joribes.com.br\/pt\/servicos\/endomarketing\/#breadcrumb"},"inLanguage":"pt-BR","potentialAction":[{"@type":"ReadAction","target":["https:\/\/joribes.com.br\/pt\/servicos\/endomarketing\/"]}]},{"@type":"ImageObject","inLanguage":"pt-BR","@id":"https:\/\/joribes.com.br\/pt\/servicos\/endomarketing\/#primaryimage","url":"https:\/\/joribes.com.br\/wp-content\/uploads\/2021\/12\/servico-endomarketing.png","contentUrl":"https:\/\/joribes.com.br\/wp-content\/uploads\/2021\/12\/servico-endomarketing.png","width":800,"height":530},{"@type":"BreadcrumbList","@id":"https:\/\/joribes.com.br\/pt\/servicos\/endomarketing\/#breadcrumb","itemListElement":[{"@type":"ListItem","position":1,"name":"Home","item":"https:\/\/joribes.com.br\/pt\/"},{"@type":"ListItem","position":2,"name":"Servi\u00e7os","item":"https:\/\/joribes.com.br\/pt\/servicos\/"},{"@type":"ListItem","position":3,"name":"endomarketing"}]},{"@type":"WebSite","@id":"https:\/\/joribes.com.br\/pt\/#website","url":"https:\/\/joribes.com.br\/pt\/","name":"Jo Ribes","description":"Ag\u00eancia Boutique","potentialAction":[{"@type":"SearchAction","target":{"@type":"EntryPoint","urlTemplate":"https:\/\/joribes.com.br\/pt\/?s={search_term_string}"},"query-input":{"@type":"PropertyValueSpecification","valueRequired":true,"valueName":"search_term_string"}}],"inLanguage":"pt-BR"}]}},"_links":{"self":[{"href":"https:\/\/joribes.com.br\/pt\/wp-json\/wp\/v2\/pages\/70","targetHints":{"allow":["GET"]}}],"collection":[{"href":"https:\/\/joribes.com.br\/pt\/wp-json\/wp\/v2\/pages"}],"about":[{"href":"https:\/\/joribes.com.br\/pt\/wp-json\/wp\/v2\/types\/page"}],"author":[{"embeddable":true,"href":"https:\/\/joribes.com.br\/pt\/wp-json\/wp\/v2\/users\/1"}],"replies":[{"embeddable":true,"href":"https:\/\/joribes.com.br\/pt\/wp-json\/wp\/v2\/comments?post=70"}],"version-history":[{"count":2,"href":"https:\/\/joribes.com.br\/pt\/wp-json\/wp\/v2\/pages\/70\/revisions"}],"predecessor-version":[{"id":147,"href":"https:\/\/joribes.com.br\/pt\/wp-json\/wp\/v2\/pages\/70\/revisions\/147"}],"up":[{"embeddable":true,"href":"https:\/\/joribes.com.br\/pt\/wp-json\/wp\/v2\/pages\/10"}],"wp:featuredmedia":[{"embeddable":true,"href":"https:\/\/joribes.com.br\/pt\/wp-json\/wp\/v2\/media\/72"}],"wp:attachment":[{"href":"https:\/\/joribes.com.br\/pt\/wp-json\/wp\/v2\/media?parent=70"}],"curies":[{"name":"wp","href":"https:\/\/api.w.org\/{rel}","templated":true}]}}