{"id":89,"date":"2021-12-27T21:15:01","date_gmt":"2021-12-28T00:15:01","guid":{"rendered":"http:\/\/localhost:8888\/joribes\/website\/?page_id=89"},"modified":"2022-02-14T17:35:33","modified_gmt":"2022-02-14T20:35:33","slug":"marketing-de-influencia","status":"publish","type":"page","link":"https:\/\/joribes.com.br\/pt\/servicos\/marketing-de-influencia\/","title":{"rendered":"marketing de influ\u00eancia"},"content":{"rendered":"\n<p>Um trabalho cheio de nuances, que precisa chegar \u00e0s pessoas certas, de forma exata. Uma constru\u00e7\u00e3o de relacionamento num mundo virtual, que traz resultados infind\u00e1veis. O investimento no marketing de influ\u00eancia, feito da maneira certa, rende frutos institucionais e financeiros.&nbsp;<\/p>\n\n\n\n<p>Do Instagram ao Tik Tok, passeando pelo Youtube e outras plataformas, as pessoas e as empresas conseguem divulgar produtos, servi\u00e7os, princ\u00edpios e ideias. E a J\u00f4 Ribes Comunica\u00e7\u00e3o trafega bem por esse universo que est\u00e1 na vida de cada um de n\u00f3s.<\/p>\n","protected":false},"excerpt":{"rendered":"<p>Um trabalho cheio de nuances, que precisa chegar \u00e0s pessoas certas, de forma exata. Uma constru\u00e7\u00e3o de relacionamento num mundo virtual, que traz resultados infind\u00e1veis. O investimento no marketing de influ\u00eancia, feito da maneira certa, rende frutos institucionais e financeiros.&nbsp; Do Instagram ao Tik Tok, passeando pelo Youtube e outras plataformas, as pessoas e as [&hellip;]<\/p>\n","protected":false},"author":1,"featured_media":90,"parent":10,"menu_order":0,"comment_status":"closed","ping_status":"closed","template":"templates\/servicos.php","meta":{"_acf_changed":false,"inline_featured_image":false,"footnotes":""},"class_list":["post-89","page","type-page","status-publish","has-post-thumbnail","hentry"],"acf":[],"yoast_head":"<!-- This site is optimized with the Yoast SEO plugin v27.2 - https:\/\/yoast.com\/product\/yoast-seo-wordpress\/ -->\n<title>marketing de influ\u00eancia - Jo Ribes<\/title>\n<meta name=\"robots\" content=\"index, follow, max-snippet:-1, max-image-preview:large, max-video-preview:-1\" \/>\n<link rel=\"canonical\" href=\"https:\/\/joribes.com.br\/pt\/servicos\/marketing-de-influencia\/\" \/>\n<meta property=\"og:locale\" content=\"pt_BR\" \/>\n<meta property=\"og:type\" content=\"article\" \/>\n<meta property=\"og:title\" content=\"marketing de influ\u00eancia - Jo Ribes\" \/>\n<meta property=\"og:description\" content=\"Um trabalho cheio de nuances, que precisa chegar \u00e0s pessoas certas, de forma exata. Uma constru\u00e7\u00e3o de relacionamento num mundo virtual, que traz resultados infind\u00e1veis. O investimento no marketing de influ\u00eancia, feito da maneira certa, rende frutos institucionais e financeiros.&nbsp; Do Instagram ao Tik Tok, passeando pelo Youtube e outras plataformas, as pessoas e as [&hellip;]\" \/>\n<meta property=\"og:url\" content=\"https:\/\/joribes.com.br\/pt\/servicos\/marketing-de-influencia\/\" \/>\n<meta property=\"og:site_name\" content=\"Jo Ribes\" \/>\n<meta property=\"article:modified_time\" content=\"2022-02-14T20:35:33+00:00\" \/>\n<meta property=\"og:image\" content=\"https:\/\/joribes.com.br\/wp-content\/uploads\/2021\/12\/servico-marketing-de-influencia.png\" \/>\n\t<meta property=\"og:image:width\" content=\"800\" \/>\n\t<meta property=\"og:image:height\" content=\"530\" \/>\n\t<meta property=\"og:image:type\" content=\"image\/png\" \/>\n<meta name=\"twitter:card\" content=\"summary_large_image\" \/>\n<script type=\"application\/ld+json\" class=\"yoast-schema-graph\">{\"@context\":\"https:\/\/schema.org\",\"@graph\":[{\"@type\":\"WebPage\",\"@id\":\"https:\/\/joribes.com.br\/pt\/servicos\/marketing-de-influencia\/\",\"url\":\"https:\/\/joribes.com.br\/pt\/servicos\/marketing-de-influencia\/\",\"name\":\"marketing de influ\u00eancia - Jo Ribes\",\"isPartOf\":{\"@id\":\"https:\/\/joribes.com.br\/pt\/#website\"},\"primaryImageOfPage\":{\"@id\":\"https:\/\/joribes.com.br\/pt\/servicos\/marketing-de-influencia\/#primaryimage\"},\"image\":{\"@id\":\"https:\/\/joribes.com.br\/pt\/servicos\/marketing-de-influencia\/#primaryimage\"},\"thumbnailUrl\":\"https:\/\/joribes.com.br\/wp-content\/uploads\/2021\/12\/servico-marketing-de-influencia.png\",\"datePublished\":\"2021-12-28T00:15:01+00:00\",\"dateModified\":\"2022-02-14T20:35:33+00:00\",\"breadcrumb\":{\"@id\":\"https:\/\/joribes.com.br\/pt\/servicos\/marketing-de-influencia\/#breadcrumb\"},\"inLanguage\":\"pt-BR\",\"potentialAction\":[{\"@type\":\"ReadAction\",\"target\":[\"https:\/\/joribes.com.br\/pt\/servicos\/marketing-de-influencia\/\"]}]},{\"@type\":\"ImageObject\",\"inLanguage\":\"pt-BR\",\"@id\":\"https:\/\/joribes.com.br\/pt\/servicos\/marketing-de-influencia\/#primaryimage\",\"url\":\"https:\/\/joribes.com.br\/wp-content\/uploads\/2021\/12\/servico-marketing-de-influencia.png\",\"contentUrl\":\"https:\/\/joribes.com.br\/wp-content\/uploads\/2021\/12\/servico-marketing-de-influencia.png\",\"width\":800,\"height\":530},{\"@type\":\"BreadcrumbList\",\"@id\":\"https:\/\/joribes.com.br\/pt\/servicos\/marketing-de-influencia\/#breadcrumb\",\"itemListElement\":[{\"@type\":\"ListItem\",\"position\":1,\"name\":\"Home\",\"item\":\"https:\/\/joribes.com.br\/pt\/\"},{\"@type\":\"ListItem\",\"position\":2,\"name\":\"Servi\u00e7os\",\"item\":\"https:\/\/joribes.com.br\/pt\/servicos\/\"},{\"@type\":\"ListItem\",\"position\":3,\"name\":\"marketing de influ\u00eancia\"}]},{\"@type\":\"WebSite\",\"@id\":\"https:\/\/joribes.com.br\/pt\/#website\",\"url\":\"https:\/\/joribes.com.br\/pt\/\",\"name\":\"Jo Ribes\",\"description\":\"Ag\u00eancia Boutique\",\"potentialAction\":[{\"@type\":\"SearchAction\",\"target\":{\"@type\":\"EntryPoint\",\"urlTemplate\":\"https:\/\/joribes.com.br\/pt\/?s={search_term_string}\"},\"query-input\":{\"@type\":\"PropertyValueSpecification\",\"valueRequired\":true,\"valueName\":\"search_term_string\"}}],\"inLanguage\":\"pt-BR\"}]}<\/script>\n<!-- \/ Yoast SEO plugin. -->","yoast_head_json":{"title":"marketing de influ\u00eancia - Jo Ribes","robots":{"index":"index","follow":"follow","max-snippet":"max-snippet:-1","max-image-preview":"max-image-preview:large","max-video-preview":"max-video-preview:-1"},"canonical":"https:\/\/joribes.com.br\/pt\/servicos\/marketing-de-influencia\/","og_locale":"pt_BR","og_type":"article","og_title":"marketing de influ\u00eancia - Jo Ribes","og_description":"Um trabalho cheio de nuances, que precisa chegar \u00e0s pessoas certas, de forma exata. Uma constru\u00e7\u00e3o de relacionamento num mundo virtual, que traz resultados infind\u00e1veis. O investimento no marketing de influ\u00eancia, feito da maneira certa, rende frutos institucionais e financeiros.&nbsp; Do Instagram ao Tik Tok, passeando pelo Youtube e outras plataformas, as pessoas e as [&hellip;]","og_url":"https:\/\/joribes.com.br\/pt\/servicos\/marketing-de-influencia\/","og_site_name":"Jo Ribes","article_modified_time":"2022-02-14T20:35:33+00:00","og_image":[{"width":800,"height":530,"url":"https:\/\/joribes.com.br\/wp-content\/uploads\/2021\/12\/servico-marketing-de-influencia.png","type":"image\/png"}],"twitter_card":"summary_large_image","schema":{"@context":"https:\/\/schema.org","@graph":[{"@type":"WebPage","@id":"https:\/\/joribes.com.br\/pt\/servicos\/marketing-de-influencia\/","url":"https:\/\/joribes.com.br\/pt\/servicos\/marketing-de-influencia\/","name":"marketing de influ\u00eancia - Jo Ribes","isPartOf":{"@id":"https:\/\/joribes.com.br\/pt\/#website"},"primaryImageOfPage":{"@id":"https:\/\/joribes.com.br\/pt\/servicos\/marketing-de-influencia\/#primaryimage"},"image":{"@id":"https:\/\/joribes.com.br\/pt\/servicos\/marketing-de-influencia\/#primaryimage"},"thumbnailUrl":"https:\/\/joribes.com.br\/wp-content\/uploads\/2021\/12\/servico-marketing-de-influencia.png","datePublished":"2021-12-28T00:15:01+00:00","dateModified":"2022-02-14T20:35:33+00:00","breadcrumb":{"@id":"https:\/\/joribes.com.br\/pt\/servicos\/marketing-de-influencia\/#breadcrumb"},"inLanguage":"pt-BR","potentialAction":[{"@type":"ReadAction","target":["https:\/\/joribes.com.br\/pt\/servicos\/marketing-de-influencia\/"]}]},{"@type":"ImageObject","inLanguage":"pt-BR","@id":"https:\/\/joribes.com.br\/pt\/servicos\/marketing-de-influencia\/#primaryimage","url":"https:\/\/joribes.com.br\/wp-content\/uploads\/2021\/12\/servico-marketing-de-influencia.png","contentUrl":"https:\/\/joribes.com.br\/wp-content\/uploads\/2021\/12\/servico-marketing-de-influencia.png","width":800,"height":530},{"@type":"BreadcrumbList","@id":"https:\/\/joribes.com.br\/pt\/servicos\/marketing-de-influencia\/#breadcrumb","itemListElement":[{"@type":"ListItem","position":1,"name":"Home","item":"https:\/\/joribes.com.br\/pt\/"},{"@type":"ListItem","position":2,"name":"Servi\u00e7os","item":"https:\/\/joribes.com.br\/pt\/servicos\/"},{"@type":"ListItem","position":3,"name":"marketing de influ\u00eancia"}]},{"@type":"WebSite","@id":"https:\/\/joribes.com.br\/pt\/#website","url":"https:\/\/joribes.com.br\/pt\/","name":"Jo Ribes","description":"Ag\u00eancia Boutique","potentialAction":[{"@type":"SearchAction","target":{"@type":"EntryPoint","urlTemplate":"https:\/\/joribes.com.br\/pt\/?s={search_term_string}"},"query-input":{"@type":"PropertyValueSpecification","valueRequired":true,"valueName":"search_term_string"}}],"inLanguage":"pt-BR"}]}},"_links":{"self":[{"href":"https:\/\/joribes.com.br\/pt\/wp-json\/wp\/v2\/pages\/89","targetHints":{"allow":["GET"]}}],"collection":[{"href":"https:\/\/joribes.com.br\/pt\/wp-json\/wp\/v2\/pages"}],"about":[{"href":"https:\/\/joribes.com.br\/pt\/wp-json\/wp\/v2\/types\/page"}],"author":[{"embeddable":true,"href":"https:\/\/joribes.com.br\/pt\/wp-json\/wp\/v2\/users\/1"}],"replies":[{"embeddable":true,"href":"https:\/\/joribes.com.br\/pt\/wp-json\/wp\/v2\/comments?post=89"}],"version-history":[{"count":3,"href":"https:\/\/joribes.com.br\/pt\/wp-json\/wp\/v2\/pages\/89\/revisions"}],"predecessor-version":[{"id":217,"href":"https:\/\/joribes.com.br\/pt\/wp-json\/wp\/v2\/pages\/89\/revisions\/217"}],"up":[{"embeddable":true,"href":"https:\/\/joribes.com.br\/pt\/wp-json\/wp\/v2\/pages\/10"}],"wp:featuredmedia":[{"embeddable":true,"href":"https:\/\/joribes.com.br\/pt\/wp-json\/wp\/v2\/media\/90"}],"wp:attachment":[{"href":"https:\/\/joribes.com.br\/pt\/wp-json\/wp\/v2\/media?parent=89"}],"curies":[{"name":"wp","href":"https:\/\/api.w.org\/{rel}","templated":true}]}}